{"id":2789,"date":"2018-06-09T18:52:50","date_gmt":"2018-06-09T16:52:50","guid":{"rendered":"http:\/\/www.mrazekmichal.cz\/?page_id=2789"},"modified":"2021-08-01T14:00:01","modified_gmt":"2021-08-01T12:00:01","slug":"svatebni-fotograf-svatebni-fotografie","status":"publish","type":"page","link":"https:\/\/www.mrazekmichal.cz\/index.php\/cs\/svatebni-fotograf-svatebni-fotografie\/","title":{"rendered":"SVATEBN\u00cd FOTOGRAF Brno, Praha a cel\u00e1 \u010cR"},"content":{"rendered":"\n<h2 class=\"has-text-align-center wp-block-heading\">a <a href=\"https:\/\/www.mrazekmichal.cz\/index.php\/nemovitosti\/fotografovani-nemovitosti\/\">FOTOGRAF NEMOVITOST\u00cd<\/a><\/h2>\n\n\n<p style=\"text-align: center;\">Jsem svatebn\u00ed fotograf, se kter\u00fdm se nebudete nudit. Fotografuji svatby tak, aby i po letech pro V\u00e1s byly svatebn\u00ed fotografie p\u0159ipom\u00ednkou v\u00fdjime\u010dn\u00e9ho dne. M\u00fdm c\u00edlem je, abyste si p\u0159i pohledu na sv\u00e9 svatebn\u00ed fotografie vzpomn\u011bli na p\u0159\u00edjemn\u00e9 okam\u017eiky Va\u0161eho svatebn\u00edho dne. Jako svatebn\u00ed fotograf r\u00e1d p\u0159i svatebn\u00edm fotografov\u00e1n\u00ed zd\u016fraz\u0148uji to, co m\u00e1te r\u00e1di a co V\u00e1s charakterizuje.<\/p>\n<p style=\"text-align: center;\">P\u016fsob\u00edm sice v Jihomoravsk\u00e9m kraji p\u0159ev\u00e1\u017en\u011b kolem Brna, ale r\u00e1d za V\u00e1mi p\u0159ijedu kamkoli, kde to m\u00e1te r\u00e1di a kde tou\u017e\u00edte pro\u017e\u00edt V\u00e1\u0161 vstup do dal\u0161\u00ed etapy Va\u0161eho \u017eivota.<\/p>\n<p style=\"text-align: center;\">\u017de nejste z Jihomoravsk\u00e9ho kraje?<br \/><span style=\"font-size: 14pt;\"><b style=\"font-size: 14pt;\">Svatebn\u00ed fotografov\u00e1n\u00ed nab\u00edz\u00edm po cel\u00e9 \u010cesk\u00e9 republice ji\u017e n\u011bkolik let. <\/b><\/span><\/p>\n<p style=\"text-align: center;\"><span style=\"font-size: 14pt;\"><b style=\"font-size: 14pt;\">\u017de jsem nefotografoval ve V\u00e1mi <\/b><span style=\"font-size: 18.6667px;\"><b>zvolen\u00e9m<\/b><\/span><b style=\"font-size: 14pt;\"> m\u00edst\u011b ? <\/b><\/span><\/p>\n<p style=\"text-align: center;\"><span style=\"font-size: 14pt;\"><b style=\"font-size: 14pt;\">Nevad\u00ed! V\u017edy se\u00a0 na m\u00edsto jdu pod\u00edvat p\u0159edem !!!<\/b><\/span><\/p>\n<p style=\"text-align: center;\">Jsem svatebn\u00ed fotograf, kter\u00fd p\u016fsob\u00ed v Brn\u011b, Praze na ji\u017en\u00ed Morav\u011b a v podstat\u011b v\u0161ude, kam se m\u016f\u017eu dopravit autem, lod\u00ed, \u010di letadlem.<\/p>\n<p style=\"text-align: center;\"><strong>P.S. Ne\u017e str\u00e1nku opust\u00edte, mrkn\u011bte na \u00a0<a href=\"https:\/\/www.mrazekmichal.cz\/index.php\/cs\/reference\/\">reference<\/a>\u00a0\ud83d\ude42\u00a0<\/strong><\/p>\n<hr \/>","protected":false},"excerpt":{"rendered":"<p>a FOTOGRAF NEMOVITOST\u00cd Jsem svatebn\u00ed fotograf, se kter\u00fdm se nebudete nudit. Fotografuji svatby tak, aby i po letech pro V\u00e1s byly svatebn\u00ed fotografie p\u0159ipom\u00ednkou v\u00fdjime\u010dn\u00e9ho dne. M\u00fdm c\u00edlem je, abyste si p\u0159i pohledu na sv\u00e9 svatebn\u00ed fotografie vzpomn\u011bli na p\u0159\u00edjemn\u00e9 okam\u017eiky Va\u0161eho svatebn\u00edho dne. Jako svatebn\u00ed fotograf r\u00e1d p\u0159i svatebn\u00edm fotografov\u00e1n\u00ed zd\u016fraz\u0148uji to, co m\u00e1te [&hellip;]<\/p>\n","protected":false},"author":1,"featured_media":0,"parent":0,"menu_order":0,"comment_status":"closed","ping_status":"closed","template":"","meta":{"_exactmetrics_skip_tracking":false,"_exactmetrics_sitenote_active":false,"_exactmetrics_sitenote_note":"","_exactmetrics_sitenote_category":0,"footnotes":""},"class_list":["post-2789","page","type-page","status-publish","hentry"],"yoast_head":"<!-- This site is optimized with the Yoast SEO plugin v25.4 - https:\/\/yoast.com\/wordpress\/plugins\/seo\/ -->\n<title>SVATEBN\u00cd FOTOGRAF \/ BRNO \/ PRAHA \/ JI\u017dN\u00cd MORAVA \/ SVATEBN\u00cd FOTOGRAFIE \/ PORTR\u00c9TN\u00cd FOTO - Svatebn\u00ed fotograf Brno, Praha a cel\u00e1 \u010cR<\/title>\n<meta name=\"description\" content=\"Jsem svatebn\u00ed fotograf, se kter\u00fdm se nebudete nudit. Fotografuji svatby tak, aby i po letech pro V\u00e1s byly svatebn\u00ed fotografie p\u0159ipom\u00ednkou v\u00fdjime\u010dn\u00e9ho dne.\" \/>\n<meta name=\"robots\" content=\"index, follow, max-snippet:-1, max-image-preview:large, max-video-preview:-1\" \/>\n<link rel=\"canonical\" href=\"https:\/\/www.mrazekmichal.cz\/index.php\/cs\/svatebni-fotograf-svatebni-fotografie\/\" \/>\n<meta property=\"og:locale\" content=\"cs_CZ\" \/>\n<meta property=\"og:type\" content=\"article\" \/>\n<meta property=\"og:title\" content=\"SVATEBN\u00cd FOTOGRAF \/ BRNO \/ PRAHA \/ JI\u017dN\u00cd MORAVA \/ SVATEBN\u00cd FOTOGRAFIE \/ PORTR\u00c9TN\u00cd FOTO - Svatebn\u00ed fotograf Brno, Praha a cel\u00e1 \u010cR\" \/>\n<meta property=\"og:description\" content=\"Jsem svatebn\u00ed fotograf, se kter\u00fdm se nebudete nudit. Fotografuji svatby tak, aby i po letech pro V\u00e1s byly svatebn\u00ed fotografie p\u0159ipom\u00ednkou v\u00fdjime\u010dn\u00e9ho dne.\" \/>\n<meta property=\"og:url\" content=\"https:\/\/www.mrazekmichal.cz\/index.php\/cs\/svatebni-fotograf-svatebni-fotografie\/\" \/>\n<meta property=\"og:site_name\" content=\"Svatebn\u00ed fotograf a fotograf nemovitost\u00ed - BRNO\" \/>\n<meta property=\"article:publisher\" content=\"https:\/\/www.facebook.com\/jizni.morava.brno.svatebni.fotograf\/\" \/>\n<meta property=\"article:modified_time\" content=\"2021-08-01T12:00:01+00:00\" \/>\n<meta property=\"og:image\" content=\"https:\/\/www.mrazekmichal.cz\/wp-content\/uploads\/20160924_16_12_18_8033-kopie.jpg\" \/>\n\t<meta property=\"og:image:width\" content=\"2500\" \/>\n\t<meta property=\"og:image:height\" content=\"1664\" \/>\n\t<meta property=\"og:image:type\" content=\"image\/jpeg\" \/>\n<meta name=\"twitter:card\" content=\"summary_large_image\" \/>\n<meta name=\"twitter:site\" content=\"@mrazekmichal\" \/>\n<meta name=\"twitter:label1\" content=\"Odhadovan\u00e1 doba \u010dten\u00ed\" \/>\n\t<meta name=\"twitter:data1\" content=\"1 minuta\" \/>\n<script type=\"application\/ld+json\" class=\"yoast-schema-graph\">{\"@context\":\"https:\/\/schema.org\",\"@graph\":[{\"@type\":\"WebPage\",\"@id\":\"https:\/\/www.mrazekmichal.cz\/index.php\/cs\/svatebni-fotograf-svatebni-fotografie\/\",\"url\":\"https:\/\/www.mrazekmichal.cz\/index.php\/cs\/svatebni-fotograf-svatebni-fotografie\/\",\"name\":\"SVATEBN\u00cd FOTOGRAF \/ BRNO \/ PRAHA \/ JI\u017dN\u00cd MORAVA \/ SVATEBN\u00cd FOTOGRAFIE \/ PORTR\u00c9TN\u00cd FOTO - Svatebn\u00ed fotograf Brno, Praha a cel\u00e1 \u010cR\",\"isPartOf\":{\"@id\":\"https:\/\/www.mrazekmichal.cz\/#website\"},\"datePublished\":\"2018-06-09T16:52:50+00:00\",\"dateModified\":\"2021-08-01T12:00:01+00:00\",\"description\":\"Jsem svatebn\u00ed fotograf, se kter\u00fdm se nebudete nudit. Fotografuji svatby tak, aby i po letech pro V\u00e1s byly svatebn\u00ed fotografie p\u0159ipom\u00ednkou v\u00fdjime\u010dn\u00e9ho dne.\",\"breadcrumb\":{\"@id\":\"https:\/\/www.mrazekmichal.cz\/index.php\/cs\/svatebni-fotograf-svatebni-fotografie\/#breadcrumb\"},\"inLanguage\":\"cs\",\"potentialAction\":[{\"@type\":\"ReadAction\",\"target\":[\"https:\/\/www.mrazekmichal.cz\/index.php\/cs\/svatebni-fotograf-svatebni-fotografie\/\"]}]},{\"@type\":\"BreadcrumbList\",\"@id\":\"https:\/\/www.mrazekmichal.cz\/index.php\/cs\/svatebni-fotograf-svatebni-fotografie\/#breadcrumb\",\"itemListElement\":[{\"@type\":\"ListItem\",\"position\":1,\"name\":\"Dom\u016f\",\"item\":\"https:\/\/www.mrazekmichal.cz\/index.php\/cs\/svatebni-fotograf-svatebni-fotografie\/\"},{\"@type\":\"ListItem\",\"position\":2,\"name\":\"SVATEBN\u00cd FOTOGRAF Brno, Praha a cel\u00e1 \u010cR\"}]},{\"@type\":\"WebSite\",\"@id\":\"https:\/\/www.mrazekmichal.cz\/#website\",\"url\":\"https:\/\/www.mrazekmichal.cz\/\",\"name\":\"Svatebn\u00ed fotograf a fotograf nemovitost\u00ed - BRNO\",\"description\":\"Svatebn\u00ed fotograf a fotograf nemovitost\u00ed Brno a Ji\u017en\u00ed Morava, Praha, \u010cR. Svatebn\u00ed fotograf s profesion\u00e1ln\u00edm p\u0159\u00edstupem k va\u0161emu svatebn\u00edmu dnu. | Fotograf Michal Mr\u00e1zek.\",\"potentialAction\":[{\"@type\":\"SearchAction\",\"target\":{\"@type\":\"EntryPoint\",\"urlTemplate\":\"https:\/\/www.mrazekmichal.cz\/?s={search_term_string}\"},\"query-input\":{\"@type\":\"PropertyValueSpecification\",\"valueRequired\":true,\"valueName\":\"search_term_string\"}}],\"inLanguage\":\"cs\"}]}<\/script>\n<!-- \/ Yoast SEO plugin. -->","yoast_head_json":{"title":"SVATEBN\u00cd FOTOGRAF \/ BRNO \/ PRAHA \/ JI\u017dN\u00cd MORAVA \/ SVATEBN\u00cd FOTOGRAFIE \/ PORTR\u00c9TN\u00cd FOTO - Svatebn\u00ed fotograf Brno, Praha a cel\u00e1 \u010cR","description":"Jsem svatebn\u00ed fotograf, se kter\u00fdm se nebudete nudit. Fotografuji svatby tak, aby i po letech pro V\u00e1s byly svatebn\u00ed fotografie p\u0159ipom\u00ednkou v\u00fdjime\u010dn\u00e9ho dne.","robots":{"index":"index","follow":"follow","max-snippet":"max-snippet:-1","max-image-preview":"max-image-preview:large","max-video-preview":"max-video-preview:-1"},"canonical":"https:\/\/www.mrazekmichal.cz\/index.php\/cs\/svatebni-fotograf-svatebni-fotografie\/","og_locale":"cs_CZ","og_type":"article","og_title":"SVATEBN\u00cd FOTOGRAF \/ BRNO \/ PRAHA \/ JI\u017dN\u00cd MORAVA \/ SVATEBN\u00cd FOTOGRAFIE \/ PORTR\u00c9TN\u00cd FOTO - Svatebn\u00ed fotograf Brno, Praha a cel\u00e1 \u010cR","og_description":"Jsem svatebn\u00ed fotograf, se kter\u00fdm se nebudete nudit. Fotografuji svatby tak, aby i po letech pro V\u00e1s byly svatebn\u00ed fotografie p\u0159ipom\u00ednkou v\u00fdjime\u010dn\u00e9ho dne.","og_url":"https:\/\/www.mrazekmichal.cz\/index.php\/cs\/svatebni-fotograf-svatebni-fotografie\/","og_site_name":"Svatebn\u00ed fotograf a fotograf nemovitost\u00ed - BRNO","article_publisher":"https:\/\/www.facebook.com\/jizni.morava.brno.svatebni.fotograf\/","article_modified_time":"2021-08-01T12:00:01+00:00","og_image":[{"width":2500,"height":1664,"url":"https:\/\/www.mrazekmichal.cz\/wp-content\/uploads\/20160924_16_12_18_8033-kopie.jpg","type":"image\/jpeg"}],"twitter_card":"summary_large_image","twitter_site":"@mrazekmichal","twitter_misc":{"Odhadovan\u00e1 doba \u010dten\u00ed":"1 minuta"},"schema":{"@context":"https:\/\/schema.org","@graph":[{"@type":"WebPage","@id":"https:\/\/www.mrazekmichal.cz\/index.php\/cs\/svatebni-fotograf-svatebni-fotografie\/","url":"https:\/\/www.mrazekmichal.cz\/index.php\/cs\/svatebni-fotograf-svatebni-fotografie\/","name":"SVATEBN\u00cd FOTOGRAF \/ BRNO \/ PRAHA \/ JI\u017dN\u00cd MORAVA \/ SVATEBN\u00cd FOTOGRAFIE \/ PORTR\u00c9TN\u00cd FOTO - Svatebn\u00ed fotograf Brno, Praha a cel\u00e1 \u010cR","isPartOf":{"@id":"https:\/\/www.mrazekmichal.cz\/#website"},"datePublished":"2018-06-09T16:52:50+00:00","dateModified":"2021-08-01T12:00:01+00:00","description":"Jsem svatebn\u00ed fotograf, se kter\u00fdm se nebudete nudit. Fotografuji svatby tak, aby i po letech pro V\u00e1s byly svatebn\u00ed fotografie p\u0159ipom\u00ednkou v\u00fdjime\u010dn\u00e9ho dne.","breadcrumb":{"@id":"https:\/\/www.mrazekmichal.cz\/index.php\/cs\/svatebni-fotograf-svatebni-fotografie\/#breadcrumb"},"inLanguage":"cs","potentialAction":[{"@type":"ReadAction","target":["https:\/\/www.mrazekmichal.cz\/index.php\/cs\/svatebni-fotograf-svatebni-fotografie\/"]}]},{"@type":"BreadcrumbList","@id":"https:\/\/www.mrazekmichal.cz\/index.php\/cs\/svatebni-fotograf-svatebni-fotografie\/#breadcrumb","itemListElement":[{"@type":"ListItem","position":1,"name":"Dom\u016f","item":"https:\/\/www.mrazekmichal.cz\/index.php\/cs\/svatebni-fotograf-svatebni-fotografie\/"},{"@type":"ListItem","position":2,"name":"SVATEBN\u00cd FOTOGRAF Brno, Praha a cel\u00e1 \u010cR"}]},{"@type":"WebSite","@id":"https:\/\/www.mrazekmichal.cz\/#website","url":"https:\/\/www.mrazekmichal.cz\/","name":"Svatebn\u00ed fotograf a fotograf nemovitost\u00ed - BRNO","description":"Svatebn\u00ed fotograf a fotograf nemovitost\u00ed Brno a Ji\u017en\u00ed Morava, Praha, \u010cR. Svatebn\u00ed fotograf s profesion\u00e1ln\u00edm p\u0159\u00edstupem k va\u0161emu svatebn\u00edmu dnu. | Fotograf Michal Mr\u00e1zek.","potentialAction":[{"@type":"SearchAction","target":{"@type":"EntryPoint","urlTemplate":"https:\/\/www.mrazekmichal.cz\/?s={search_term_string}"},"query-input":{"@type":"PropertyValueSpecification","valueRequired":true,"valueName":"search_term_string"}}],"inLanguage":"cs"}]}},"_links":{"self":[{"href":"https:\/\/www.mrazekmichal.cz\/index.php\/wp-json\/wp\/v2\/pages\/2789","targetHints":{"allow":["GET"]}}],"collection":[{"href":"https:\/\/www.mrazekmichal.cz\/index.php\/wp-json\/wp\/v2\/pages"}],"about":[{"href":"https:\/\/www.mrazekmichal.cz\/index.php\/wp-json\/wp\/v2\/types\/page"}],"author":[{"embeddable":true,"href":"https:\/\/www.mrazekmichal.cz\/index.php\/wp-json\/wp\/v2\/users\/1"}],"replies":[{"embeddable":true,"href":"https:\/\/www.mrazekmichal.cz\/index.php\/wp-json\/wp\/v2\/comments?post=2789"}],"version-history":[{"count":31,"href":"https:\/\/www.mrazekmichal.cz\/index.php\/wp-json\/wp\/v2\/pages\/2789\/revisions"}],"predecessor-version":[{"id":3325,"href":"https:\/\/www.mrazekmichal.cz\/index.php\/wp-json\/wp\/v2\/pages\/2789\/revisions\/3325"}],"wp:attachment":[{"href":"https:\/\/www.mrazekmichal.cz\/index.php\/wp-json\/wp\/v2\/media?parent=2789"}],"curies":[{"name":"wp","href":"https:\/\/api.w.org\/{rel}","templated":true}]}}